{"id":6,"date":"2024-11-02T13:45:44","date_gmt":"2024-11-02T13:45:44","guid":{"rendered":"https:\/\/danties.lt\/test\/?page_id=6"},"modified":"2024-11-12T07:17:34","modified_gmt":"2024-11-12T07:17:34","slug":"kontaktai","status":"publish","type":"page","link":"https:\/\/danties.lt\/test\/kontaktai\/","title":{"rendered":"Kontaktai"},"content":{"rendered":"<p>Kontaktai<\/p>\n<ul>\n<li><strong>El. pa\u0161tas:<\/strong> <a rel=\"noopener\">info@lagmeta.lt<\/a><\/li>\n<li><strong>Darbo laikas:<\/strong>\n<ul>\n<li>Pirmadienis\u2013Penktadienis: 8:00\u201317:00<\/li>\n<li>\u0160e\u0161tadienis: 9:00\u201313:00<\/li>\n<li>Sekmadienis: nedirbame<\/li>\n<\/ul>\n<\/li>\n<\/ul>\n<h2>Socialiniai tinklai:<\/h2>\n<ul>\n<li><strong>Facebook:<\/strong> <a href=\"#\" rel=\"noopener\">Lagmeta.lt<\/a><\/li>\n<li><strong>Instagram:<\/strong> <a href=\"#\" rel=\"noopener\">@lagmeta_official<\/a><\/li>\n<\/ul>\n<p>Mes esame pasiruo\u0161\u0119 atsakyti \u012f visus j\u016bs\u0173 klausimus ir pad\u0117ti \u012fgyvendinti projektus, susijusius su metalo gaminiais. Kreipkit\u0117s ir dirbkime kartu!<\/p>\n","protected":false},"excerpt":{"rendered":"<p>Kontaktai El. pa\u0161tas: info@lagmeta.lt Darbo laikas: Pirmadienis\u2013Penktadienis: 8:00\u201317:00 \u0160e\u0161tadienis: 9:00\u201313:00 Sekmadienis: nedirbame Socialiniai tinklai: Facebook: Lagmeta.lt Instagram: @lagmeta_official Mes esame pasiruo\u0161\u0119 atsakyti \u012f visus j\u016bs\u0173 klausimus ir pad\u0117ti \u012fgyvendinti projektus, susijusius su metalo gaminiais. Kreipkit\u0117s ir dirbkime kartu!<\/p>\n","protected":false},"author":1,"featured_media":0,"parent":0,"menu_order":0,"comment_status":"closed","ping_status":"closed","template":"","meta":{"_uag_custom_page_level_css":"","footnotes":""},"class_list":["post-6","page","type-page","status-publish"],"uagb_featured_image_src":{"full":false,"thumbnail":false,"medium":false,"medium_large":false,"large":false,"1536x1536":false,"2048x2048":false},"uagb_author_info":{"display_name":"fonas","author_link":"https:\/\/danties.lt\/test\/author\/fonas\/"},"uagb_comment_info":0,"uagb_excerpt":"Kontaktai El. pa\u0161tas: info@lagmeta.lt Darbo laikas: Pirmadienis\u2013Penktadienis: 8:00\u201317:00 \u0160e\u0161tadienis: 9:00\u201313:00 Sekmadienis: nedirbame Socialiniai tinklai: Facebook: Lagmeta.lt Instagram: @lagmeta_official Mes esame pasiruo\u0161\u0119 atsakyti \u012f visus j\u016bs\u0173 klausimus ir pad\u0117ti \u012fgyvendinti projektus, susijusius su metalo gaminiais. Kreipkit\u0117s ir dirbkime kartu!","_links":{"self":[{"href":"https:\/\/danties.lt\/test\/wp-json\/wp\/v2\/pages\/6","targetHints":{"allow":["GET"]}}],"collection":[{"href":"https:\/\/danties.lt\/test\/wp-json\/wp\/v2\/pages"}],"about":[{"href":"https:\/\/danties.lt\/test\/wp-json\/wp\/v2\/types\/page"}],"author":[{"embeddable":true,"href":"https:\/\/danties.lt\/test\/wp-json\/wp\/v2\/users\/1"}],"replies":[{"embeddable":true,"href":"https:\/\/danties.lt\/test\/wp-json\/wp\/v2\/comments?post=6"}],"version-history":[{"count":3,"href":"https:\/\/danties.lt\/test\/wp-json\/wp\/v2\/pages\/6\/revisions"}],"predecessor-version":[{"id":97,"href":"https:\/\/danties.lt\/test\/wp-json\/wp\/v2\/pages\/6\/revisions\/97"}],"wp:attachment":[{"href":"https:\/\/danties.lt\/test\/wp-json\/wp\/v2\/media?parent=6"}],"curies":[{"name":"wp","href":"https:\/\/api.w.org\/{rel}","templated":true}]}}